{"id":3843,"date":"2022-03-31T20:14:17","date_gmt":"2022-03-31T20:14:17","guid":{"rendered":"http:\/\/chezali.store\/?post_type=product&#038;p=3843"},"modified":"2026-01-01T21:08:06","modified_gmt":"2026-01-01T21:08:06","slug":"menu-tagine","status":"publish","type":"product","link":"https:\/\/chezaliofficial.com\/en\/product\/menu-tagine\/","title":{"rendered":"TAGINE menu"},"content":{"rendered":"<p>Take advantage of<strong>an evening out of the ordinary<\/strong>\u00a0Chez Ali, Marrakech's most famous restaurant, where every evening <strong>riders, musicians, dancers and fireworks<\/strong> take to the stage for the fantasia show.<\/p>\n<p>Chez Ali is a huge enclosure <strong>located in the Marrakech palm grove<\/strong>. The restaurant has a capacity of 6,000 people and features\u00a0<strong>various khaimas located around the main esplanade<\/strong> where the show takes place.<\/p>\n<p><strong>Show<\/strong><\/p>\n<p>From start to finish, Chez Ali is a constant spectacle, where <strong>countless bands entertain at the reception each evening, before dinner and during the meal.<\/strong>since they all pass through the different tables.<\/p>\n<p>After dinner comes the main course at Chez Ali, <strong>la fantaisia, a show featuring riders, horses, musicians, dancers, acrobats and gunpowder<\/strong> are brought together on a large open-air stage.<\/p>\n<p>The Fantasia show, also known as <strong>\"powder game<\/strong> features a large number of riders firing at the same time, conveying a sense of unity to the spectator.<\/p>\n<p><strong>Menu<\/strong><\/p>\n<p>The Chez Ali restaurant offers different menus, but the one we propose is the most complete and is <strong>featuring the most traditional Moroccan dishes<\/strong> :<\/p>\n<ul>\n<li>Harira (rice-based vegetable soup)<\/li>\n<li>Couscous with seven vegetables<\/li>\n<li>Chicken or meat tagine<\/li>\n<li>Fruit bowl<\/li>\n<li>Moroccan tea and pastries<\/li>\n<li><strong>If you are coeliac or intolerant to certain types of food, you will need to indicate this at the time of booking, as they do not have special menus.<\/strong><\/li>\n<\/ul>\n<p><strong>Hotel pick-up<\/strong><\/p>\n<p>This activity includes pick-up from your hotel or riad. At the end of the show, we'll take you back to your hotel in <strong>provided that it is accessible by car<\/strong>. If not, the driver will drop you off as close as possible to your accommodation.<\/p>","protected":false},"excerpt":{"rendered":"<ul>\n<li><strong>Moroccan Harira <\/strong><\/li>\n<li><strong>Chicken or meat tagine <\/strong><\/li>\n<li><strong>Couscous with seven vegetables <\/strong><\/li>\n<li><strong>Seasonal fruit <\/strong><\/li>\n<li><strong>Mint tea <\/strong><\/li>\n<li><strong>Moroccan pastries<\/strong><\/li>\n<li class=\"elementor-repeater-item-c16b0f7\"><strong>Children aged 4 to 10 half price<\/strong><\/li>\n<li class=\"elementor-repeater-item-4e3c623\"><strong><i class=\"fas fa-car-side\" aria-hidden=\"true\"><\/i> Free return transfer<\/strong><\/li>\n<li class=\"elementor-repeater-item-d30490e\"><strong><i class=\"fas fa-car-side\" aria-hidden=\"true\"><\/i> Our driver will pick you up at your hotel at 8.00 p.m.<\/strong><\/li>\n<li><\/li>\n<\/ul>","protected":false},"featured_media":3816,"template":"","meta":{"_joinchat":[]},"product_brand":[],"product_cat":[15],"product_tag":[],"class_list":{"0":"post-3843","1":"product","2":"type-product","3":"status-publish","4":"has-post-thumbnail","6":"product_cat-chez-ali-marrakech","8":"first","9":"instock","10":"virtual","11":"sold-individually","12":"purchasable","13":"product-type-booking"},"yoast_head":"<!-- This site is optimized with the Yoast SEO plugin v25.7 - https:\/\/yoast.com\/wordpress\/plugins\/seo\/ -->\n<title>Menu TAGINE - Chez Ali Marrakech Official<\/title>\n<meta name=\"robots\" content=\"index, follow, max-snippet:-1, max-image-preview:large, max-video-preview:-1\" \/>\n<link rel=\"canonical\" href=\"https:\/\/chezaliofficial.com\/en\/product\/menu-tagine\/\" \/>\n<meta property=\"og:locale\" content=\"en_GB\" \/>\n<meta property=\"og:type\" content=\"article\" \/>\n<meta property=\"og:title\" content=\"Menu TAGINE - Chez Ali Marrakech Official\" \/>\n<meta property=\"og:description\" content=\"Harira Marocaine   Tagine de poulet ou de viande   Couscous aux sept l\u00e9gumes   Fruits de saison   Th\u00e9 \u00e0 la menthe   P\u00e2tisseries Marocaines  Enfant entre 4 et 10 ans demi tarif   Transfert aller\/retour offert gratuitement   Notre chauffeur va vous chercher a votre hotel a 20h00\" \/>\n<meta property=\"og:url\" content=\"https:\/\/chezaliofficial.com\/en\/product\/menu-tagine\/\" \/>\n<meta property=\"og:site_name\" content=\"Chez Ali Marrakech Official\" \/>\n<meta property=\"article:modified_time\" content=\"2026-01-01T21:08:06+00:00\" \/>\n<meta property=\"og:image\" content=\"https:\/\/chezaliofficial.com\/wp-content\/uploads\/2022\/03\/TAGINE.jpg\" \/>\n\t<meta property=\"og:image:width\" content=\"800\" \/>\n\t<meta property=\"og:image:height\" content=\"600\" \/>\n\t<meta property=\"og:image:type\" content=\"image\/jpeg\" \/>\n<meta name=\"twitter:card\" content=\"summary_large_image\" \/>\n<meta name=\"twitter:label1\" content=\"Estimated reading time\" \/>\n\t<meta name=\"twitter:data1\" content=\"2 minutes\" \/>\n<script type=\"application\/ld+json\" class=\"yoast-schema-graph\">{\"@context\":\"https:\/\/schema.org\",\"@graph\":[{\"@type\":\"WebPage\",\"@id\":\"https:\/\/chezaliofficial.com\/product\/menu-tagine\/\",\"url\":\"https:\/\/chezaliofficial.com\/product\/menu-tagine\/\",\"name\":\"Menu TAGINE - Chez Ali Marrakech Official\",\"isPartOf\":{\"@id\":\"https:\/\/chezaliofficial.com\/#website\"},\"primaryImageOfPage\":{\"@id\":\"https:\/\/chezaliofficial.com\/product\/menu-tagine\/#primaryimage\"},\"image\":{\"@id\":\"https:\/\/chezaliofficial.com\/product\/menu-tagine\/#primaryimage\"},\"thumbnailUrl\":\"https:\/\/chezaliofficial.com\/wp-content\/uploads\/2022\/03\/TAGINE.jpg\",\"datePublished\":\"2022-03-31T20:14:17+00:00\",\"dateModified\":\"2026-01-01T21:08:06+00:00\",\"breadcrumb\":{\"@id\":\"https:\/\/chezaliofficial.com\/product\/menu-tagine\/#breadcrumb\"},\"inLanguage\":\"en-GB\",\"potentialAction\":[{\"@type\":\"ReadAction\",\"target\":[\"https:\/\/chezaliofficial.com\/product\/menu-tagine\/\"]}]},{\"@type\":\"ImageObject\",\"inLanguage\":\"en-GB\",\"@id\":\"https:\/\/chezaliofficial.com\/product\/menu-tagine\/#primaryimage\",\"url\":\"https:\/\/chezaliofficial.com\/wp-content\/uploads\/2022\/03\/TAGINE.jpg\",\"contentUrl\":\"https:\/\/chezaliofficial.com\/wp-content\/uploads\/2022\/03\/TAGINE.jpg\",\"width\":800,\"height\":600},{\"@type\":\"BreadcrumbList\",\"@id\":\"https:\/\/chezaliofficial.com\/product\/menu-tagine\/#breadcrumb\",\"itemListElement\":[{\"@type\":\"ListItem\",\"position\":1,\"name\":\"Accueil\",\"item\":\"https:\/\/chezaliofficial.com\/\"},{\"@type\":\"ListItem\",\"position\":2,\"name\":\"Produits\",\"item\":\"https:\/\/chezaliofficial.com\/shop\/\"},{\"@type\":\"ListItem\",\"position\":3,\"name\":\"Menu TAGINE\"}]},{\"@type\":\"WebSite\",\"@id\":\"https:\/\/chezaliofficial.com\/#website\",\"url\":\"https:\/\/chezaliofficial.com\/\",\"name\":\"Chez Ali Marrakech Official\",\"description\":\"R\u00e9server Chez Ali\",\"potentialAction\":[{\"@type\":\"SearchAction\",\"target\":{\"@type\":\"EntryPoint\",\"urlTemplate\":\"https:\/\/chezaliofficial.com\/?s={search_term_string}\"},\"query-input\":{\"@type\":\"PropertyValueSpecification\",\"valueRequired\":true,\"valueName\":\"search_term_string\"}}],\"inLanguage\":\"en-GB\"}]}<\/script>\n<!-- \/ Yoast SEO plugin. -->","yoast_head_json":{"title":"Menu TAGINE - Chez Ali Marrakech Official","robots":{"index":"index","follow":"follow","max-snippet":"max-snippet:-1","max-image-preview":"max-image-preview:large","max-video-preview":"max-video-preview:-1"},"canonical":"https:\/\/chezaliofficial.com\/en\/product\/menu-tagine\/","og_locale":"en_GB","og_type":"article","og_title":"Menu TAGINE - Chez Ali Marrakech Official","og_description":"Harira Marocaine   Tagine de poulet ou de viande   Couscous aux sept l\u00e9gumes   Fruits de saison   Th\u00e9 \u00e0 la menthe   P\u00e2tisseries Marocaines  Enfant entre 4 et 10 ans demi tarif   Transfert aller\/retour offert gratuitement   Notre chauffeur va vous chercher a votre hotel a 20h00","og_url":"https:\/\/chezaliofficial.com\/en\/product\/menu-tagine\/","og_site_name":"Chez Ali Marrakech Official","article_modified_time":"2026-01-01T21:08:06+00:00","og_image":[{"width":800,"height":600,"url":"https:\/\/chezaliofficial.com\/wp-content\/uploads\/2022\/03\/TAGINE.jpg","type":"image\/jpeg"}],"twitter_card":"summary_large_image","twitter_misc":{"Estimated reading time":"2 minutes"},"schema":{"@context":"https:\/\/schema.org","@graph":[{"@type":"WebPage","@id":"https:\/\/chezaliofficial.com\/product\/menu-tagine\/","url":"https:\/\/chezaliofficial.com\/product\/menu-tagine\/","name":"Menu TAGINE - Chez Ali Marrakech Official","isPartOf":{"@id":"https:\/\/chezaliofficial.com\/#website"},"primaryImageOfPage":{"@id":"https:\/\/chezaliofficial.com\/product\/menu-tagine\/#primaryimage"},"image":{"@id":"https:\/\/chezaliofficial.com\/product\/menu-tagine\/#primaryimage"},"thumbnailUrl":"https:\/\/chezaliofficial.com\/wp-content\/uploads\/2022\/03\/TAGINE.jpg","datePublished":"2022-03-31T20:14:17+00:00","dateModified":"2026-01-01T21:08:06+00:00","breadcrumb":{"@id":"https:\/\/chezaliofficial.com\/product\/menu-tagine\/#breadcrumb"},"inLanguage":"en-GB","potentialAction":[{"@type":"ReadAction","target":["https:\/\/chezaliofficial.com\/product\/menu-tagine\/"]}]},{"@type":"ImageObject","inLanguage":"en-GB","@id":"https:\/\/chezaliofficial.com\/product\/menu-tagine\/#primaryimage","url":"https:\/\/chezaliofficial.com\/wp-content\/uploads\/2022\/03\/TAGINE.jpg","contentUrl":"https:\/\/chezaliofficial.com\/wp-content\/uploads\/2022\/03\/TAGINE.jpg","width":800,"height":600},{"@type":"BreadcrumbList","@id":"https:\/\/chezaliofficial.com\/product\/menu-tagine\/#breadcrumb","itemListElement":[{"@type":"ListItem","position":1,"name":"Accueil","item":"https:\/\/chezaliofficial.com\/"},{"@type":"ListItem","position":2,"name":"Produits","item":"https:\/\/chezaliofficial.com\/shop\/"},{"@type":"ListItem","position":3,"name":"Menu TAGINE"}]},{"@type":"WebSite","@id":"https:\/\/chezaliofficial.com\/#website","url":"https:\/\/chezaliofficial.com\/","name":"Chez Ali Marrakech Official","description":"Book Chez Ali","potentialAction":[{"@type":"SearchAction","target":{"@type":"EntryPoint","urlTemplate":"https:\/\/chezaliofficial.com\/?s={search_term_string}"},"query-input":{"@type":"PropertyValueSpecification","valueRequired":true,"valueName":"search_term_string"}}],"inLanguage":"en-GB"}]}},"jetpack_sharing_enabled":true,"_links":{"self":[{"href":"https:\/\/chezaliofficial.com\/en\/wp-json\/wp\/v2\/product\/3843","targetHints":{"allow":["GET"]}}],"collection":[{"href":"https:\/\/chezaliofficial.com\/en\/wp-json\/wp\/v2\/product"}],"about":[{"href":"https:\/\/chezaliofficial.com\/en\/wp-json\/wp\/v2\/types\/product"}],"wp:featuredmedia":[{"embeddable":true,"href":"https:\/\/chezaliofficial.com\/en\/wp-json\/wp\/v2\/media\/3816"}],"wp:attachment":[{"href":"https:\/\/chezaliofficial.com\/en\/wp-json\/wp\/v2\/media?parent=3843"}],"wp:term":[{"taxonomy":"product_brand","embeddable":true,"href":"https:\/\/chezaliofficial.com\/en\/wp-json\/wp\/v2\/product_brand?post=3843"},{"taxonomy":"product_cat","embeddable":true,"href":"https:\/\/chezaliofficial.com\/en\/wp-json\/wp\/v2\/product_cat?post=3843"},{"taxonomy":"product_tag","embeddable":true,"href":"https:\/\/chezaliofficial.com\/en\/wp-json\/wp\/v2\/product_tag?post=3843"}],"curies":[{"name":"wp","href":"https:\/\/api.w.org\/{rel}","templated":true}]}}