{"id":3902,"date":"2022-04-02T00:12:30","date_gmt":"2022-04-02T00:12:30","guid":{"rendered":"http:\/\/chezali.store\/cookie-privacy-policy\/"},"modified":"2022-04-02T00:12:30","modified_gmt":"2022-04-02T00:12:30","slug":"cookie-privacy-policy","status":"publish","type":"page","link":"https:\/\/chezaliofficial.com\/es\/cookie-privacy-policy\/","title":{"rendered":"Pol\u00edtica de privacidad de cookies"},"content":{"rendered":"<p>http:\/\/chezali.store se compromete a proteger su privacidad en Internet. \u00bfQu\u00e9 informaci\u00f3n recogemos? Recogemos informaci\u00f3n sobre usted cuando visita nuestro sitio. Al registrarse en nuestro sitio, es posible que se le pida que introduzca su nombre o direcci\u00f3n de correo electr\u00f3nico. No obstante, puede visitar nuestro sitio de forma an\u00f3nima. \u00bfPara qu\u00e9 utilizamos su informaci\u00f3n? Toda la informaci\u00f3n que obtenemos de usted puede utilizarse de una de las siguientes maneras: Para mejorar nuestro sitio web Para mejorar el servicio al cliente \u00bfC\u00f3mo protegemos su informaci\u00f3n? Aplicamos una serie de medidas de seguridad para mantener la seguridad de su informaci\u00f3n personal cuando realiza un pedido o introduce, env\u00eda o accede a su informaci\u00f3n personal. Cookies Las cookies son peque\u00f1os archivos que un sitio o su proveedor de servicios transfiere al disco duro de su ordenador a trav\u00e9s de su navegador web (si usted lo permite) y que permiten a los sistemas de los sitios o proveedores de servicios reconocer su navegador y capturar y recordar cierta informaci\u00f3n Utilizamos cookies para comprender y guardar sus preferencias para futuras visitas. Pol\u00edtica de privacidad en l\u00ednea \u00fanicamente Esta pol\u00edtica de privacidad en l\u00ednea se aplica \u00fanicamente a la informaci\u00f3n recopilada a trav\u00e9s de nuestro sitio web y no a la informaci\u00f3n recopilada fuera de l\u00ednea. Cambios en nuestra pol\u00edtica de privacidad Si decidimos cambiar nuestra pol\u00edtica de privacidad, publicaremos dichos cambios en esta p\u00e1gina. Si tiene alguna pregunta o sugerencia sobre nuestra pol\u00edtica de privacidad, p\u00f3ngase en contacto con nosotros y le responderemos muy pronto.<\/p>\n<h3>INFORMACI\u00d3N DE CONTACTO<\/h3>\n<p>chez ali marrakech <br \/>Direcci\u00f3n postal: <br \/>Tel\u00e9fono: <\/p><\/p>","protected":false},"excerpt":{"rendered":"<p>http:\/\/chezali.store is committed to protecting your privacy online. What information do we collect? We collect information from you when you visit our site. When submitting or registering on our site, you may be asked to enter your: name or e-mail [&hellip;]<\/p>","protected":false},"author":1,"featured_media":0,"parent":0,"menu_order":0,"comment_status":"closed","ping_status":"closed","template":"","meta":{"_joinchat":[],"footnotes":""},"class_list":["post-3902","page","type-page","status-publish","hentry"],"yoast_head":"<!-- This site is optimized with the Yoast SEO plugin v25.7 - https:\/\/yoast.com\/wordpress\/plugins\/seo\/ -->\n<title>Cookie Privacy Policy - Chez Ali Marrakech Official<\/title>\n<meta name=\"robots\" content=\"index, follow, max-snippet:-1, max-image-preview:large, max-video-preview:-1\" \/>\n<link rel=\"canonical\" href=\"https:\/\/chezaliofficial.com\/es\/cookie-privacy-policy\/\" \/>\n<meta property=\"og:locale\" content=\"es_ES\" \/>\n<meta property=\"og:type\" content=\"article\" \/>\n<meta property=\"og:title\" content=\"Cookie Privacy Policy - Chez Ali Marrakech Official\" \/>\n<meta property=\"og:description\" content=\"http:\/\/chezali.store is committed to protecting your privacy online. What information do we collect? We collect information from you when you visit our site. When submitting or registering on our site, you may be asked to enter your: name or e-mail [&hellip;]\" \/>\n<meta property=\"og:url\" content=\"https:\/\/chezaliofficial.com\/es\/cookie-privacy-policy\/\" \/>\n<meta property=\"og:site_name\" content=\"Chez Ali Marrakech Official\" \/>\n<meta name=\"twitter:card\" content=\"summary_large_image\" \/>\n<meta name=\"twitter:label1\" content=\"Tiempo de lectura\" \/>\n\t<meta name=\"twitter:data1\" content=\"1 minuto\" \/>\n<script type=\"application\/ld+json\" class=\"yoast-schema-graph\">{\"@context\":\"https:\/\/schema.org\",\"@graph\":[{\"@type\":\"WebPage\",\"@id\":\"https:\/\/chezaliofficial.com\/cookie-privacy-policy\/\",\"url\":\"https:\/\/chezaliofficial.com\/cookie-privacy-policy\/\",\"name\":\"Cookie Privacy Policy - Chez Ali Marrakech Official\",\"isPartOf\":{\"@id\":\"https:\/\/chezaliofficial.com\/#website\"},\"datePublished\":\"2022-04-02T00:12:30+00:00\",\"breadcrumb\":{\"@id\":\"https:\/\/chezaliofficial.com\/cookie-privacy-policy\/#breadcrumb\"},\"inLanguage\":\"es\",\"potentialAction\":[{\"@type\":\"ReadAction\",\"target\":[\"https:\/\/chezaliofficial.com\/cookie-privacy-policy\/\"]}]},{\"@type\":\"BreadcrumbList\",\"@id\":\"https:\/\/chezaliofficial.com\/cookie-privacy-policy\/#breadcrumb\",\"itemListElement\":[{\"@type\":\"ListItem\",\"position\":1,\"name\":\"Accueil\",\"item\":\"https:\/\/chezaliofficial.com\/\"},{\"@type\":\"ListItem\",\"position\":2,\"name\":\"Cookie Privacy Policy\"}]},{\"@type\":\"WebSite\",\"@id\":\"https:\/\/chezaliofficial.com\/#website\",\"url\":\"https:\/\/chezaliofficial.com\/\",\"name\":\"Chez Ali Marrakech Official\",\"description\":\"R\u00e9server Chez Ali\",\"potentialAction\":[{\"@type\":\"SearchAction\",\"target\":{\"@type\":\"EntryPoint\",\"urlTemplate\":\"https:\/\/chezaliofficial.com\/?s={search_term_string}\"},\"query-input\":{\"@type\":\"PropertyValueSpecification\",\"valueRequired\":true,\"valueName\":\"search_term_string\"}}],\"inLanguage\":\"es\"}]}<\/script>\n<!-- \/ Yoast SEO plugin. -->","yoast_head_json":{"title":"Pol\u00edtica de privacidad de cookies - Chez Ali Marrakech Official","robots":{"index":"index","follow":"follow","max-snippet":"max-snippet:-1","max-image-preview":"max-image-preview:large","max-video-preview":"max-video-preview:-1"},"canonical":"https:\/\/chezaliofficial.com\/es\/cookie-privacy-policy\/","og_locale":"es_ES","og_type":"article","og_title":"Cookie Privacy Policy - Chez Ali Marrakech Official","og_description":"http:\/\/chezali.store is committed to protecting your privacy online. What information do we collect? We collect information from you when you visit our site. When submitting or registering on our site, you may be asked to enter your: name or e-mail [&hellip;]","og_url":"https:\/\/chezaliofficial.com\/es\/cookie-privacy-policy\/","og_site_name":"Chez Ali Marrakech Official","twitter_card":"summary_large_image","twitter_misc":{"Tiempo de lectura":"1 minuto"},"schema":{"@context":"https:\/\/schema.org","@graph":[{"@type":"WebPage","@id":"https:\/\/chezaliofficial.com\/cookie-privacy-policy\/","url":"https:\/\/chezaliofficial.com\/cookie-privacy-policy\/","name":"Pol\u00edtica de privacidad de cookies - Chez Ali Marrakech Official","isPartOf":{"@id":"https:\/\/chezaliofficial.com\/#website"},"datePublished":"2022-04-02T00:12:30+00:00","breadcrumb":{"@id":"https:\/\/chezaliofficial.com\/cookie-privacy-policy\/#breadcrumb"},"inLanguage":"es","potentialAction":[{"@type":"ReadAction","target":["https:\/\/chezaliofficial.com\/cookie-privacy-policy\/"]}]},{"@type":"BreadcrumbList","@id":"https:\/\/chezaliofficial.com\/cookie-privacy-policy\/#breadcrumb","itemListElement":[{"@type":"ListItem","position":1,"name":"Accueil","item":"https:\/\/chezaliofficial.com\/"},{"@type":"ListItem","position":2,"name":"Cookie Privacy Policy"}]},{"@type":"WebSite","@id":"https:\/\/chezaliofficial.com\/#website","url":"https:\/\/chezaliofficial.com\/","name":"Chez Ali Marrakech Oficial","description":"Reservar en Chez Ali","potentialAction":[{"@type":"SearchAction","target":{"@type":"EntryPoint","urlTemplate":"https:\/\/chezaliofficial.com\/?s={search_term_string}"},"query-input":{"@type":"PropertyValueSpecification","valueRequired":true,"valueName":"search_term_string"}}],"inLanguage":"es"}]}},"jetpack_sharing_enabled":true,"_links":{"self":[{"href":"https:\/\/chezaliofficial.com\/es\/wp-json\/wp\/v2\/pages\/3902","targetHints":{"allow":["GET"]}}],"collection":[{"href":"https:\/\/chezaliofficial.com\/es\/wp-json\/wp\/v2\/pages"}],"about":[{"href":"https:\/\/chezaliofficial.com\/es\/wp-json\/wp\/v2\/types\/page"}],"author":[{"embeddable":true,"href":"https:\/\/chezaliofficial.com\/es\/wp-json\/wp\/v2\/users\/1"}],"replies":[{"embeddable":true,"href":"https:\/\/chezaliofficial.com\/es\/wp-json\/wp\/v2\/comments?post=3902"}],"version-history":[{"count":0,"href":"https:\/\/chezaliofficial.com\/es\/wp-json\/wp\/v2\/pages\/3902\/revisions"}],"wp:attachment":[{"href":"https:\/\/chezaliofficial.com\/es\/wp-json\/wp\/v2\/media?parent=3902"}],"curies":[{"name":"wp","href":"https:\/\/api.w.org\/{rel}","templated":true}]}}