{"id":3803,"date":"2022-03-31T17:05:17","date_gmt":"2022-03-31T17:05:17","guid":{"rendered":"http:\/\/chezali.store\/?post_type=product&#038;p=3803"},"modified":"2026-03-16T16:18:59","modified_gmt":"2026-03-16T16:18:59","slug":"spectacle-seulement","status":"publish","type":"product","link":"https:\/\/chezaliofficial.com\/es\/product\/solo-mostrar\/","title":{"rendered":"SHOW SOLO"},"content":{"rendered":"<p>Aproveche<strong>una velada fuera de lo com\u00fan<\/strong>\u00a0Chez Ali, el restaurante m\u00e1s famoso de Marrakech, donde cada noche <strong>jinetes, m\u00fasicos, bailarines y fuegos artificiales<\/strong> suben al escenario para el espect\u00e1culo de fantas\u00eda.<\/p>\n<p>Chez Ali es un recinto enorme <strong>situado en el palmeral de Marrakech<\/strong>. El restaurante tiene capacidad para 6.000 personas y cuenta con\u00a0<strong>varias khaimas situadas alrededor de la explanada principal<\/strong> donde tiene lugar el espect\u00e1culo.<\/p>\n<p><strong>Mostrar<\/strong><\/p>\n<p>De principio a fin, Chez Ali es un espect\u00e1culo constante, donde <strong>Un sinf\u00edn de bandas amenizan la recepci\u00f3n cada noche, antes de la cena y durante la comida.<\/strong>ya que todos pasan por las diferentes mesas.<\/p>\n<p>Despu\u00e9s de la cena llega el plato principal en Chez Ali, <strong>la fantaisia, espect\u00e1culo de jinetes, caballos, m\u00fasicos, bailarines, acr\u00f3batas y p\u00f3lvora<\/strong> se re\u00fanen en un gran escenario al aire libre.<\/p>\n<p>El espect\u00e1culo Fantas\u00eda, tambi\u00e9n conocido como <strong>\"juego de p\u00f3lvora<\/strong> cuenta con un gran n\u00famero de pilotos disparando al mismo tiempo, lo que transmite una sensaci\u00f3n de unidad al espectador.<\/p>\n<p><strong>Men\u00fa<\/strong><\/p>\n<ul>\n<li>Refresco O Zumo de naranja<\/li>\n<li>T\u00e9 a la menta<\/li>\n<li>Pasteler\u00eda marroqu\u00ed<\/li>\n<\/ul>\n<p><strong>Recogida en el hotel<\/strong><\/p>\n<p>Esta actividad incluye la recogida en su hotel o riad. Al final del espect\u00e1culo, le llevaremos de vuelta a su hotel en <strong>siempre que sea accesible en coche<\/strong>. Si no, el conductor le dejar\u00e1 lo m\u00e1s cerca posible de su alojamiento.<\/p>","protected":false},"excerpt":{"rendered":"<ul>\n<li><strong>Refresco O Zumo de naranja<\/strong><\/li>\n<li><strong>T\u00e9 a la menta<\/strong><\/li>\n<li><strong>Pasteler\u00eda marroqu\u00ed<\/strong><\/li>\n<li class=\"elementor-repeater-item-c16b0f7\"><strong>Menores de 2 a\u00f1os gratis<br \/>\n<\/strong><\/li>\n<li class=\"elementor-repeater-item-4e3c623\"><strong><i class=\"fas fa-car-side\" aria-hidden=\"true\"><\/i> Traslado de ida y vuelta gratuito<\/strong><\/li>\n<li class=\"elementor-repeater-item-d30490e\"><strong><i class=\"fas fa-car-side\" aria-hidden=\"true\"><\/i> Nuestro ch\u00f3fer le recoger\u00e1 en su hotel a las 20.00 horas.<\/strong><\/li>\n<\/ul>","protected":false},"featured_media":3810,"template":"","meta":{"_joinchat":[]},"product_brand":[],"product_cat":[15],"product_tag":[],"class_list":{"0":"post-3803","1":"product","2":"type-product","3":"status-publish","4":"has-post-thumbnail","6":"product_cat-chez-ali-marrakech","8":"first","9":"instock","10":"virtual","11":"sold-individually","12":"purchasable","13":"product-type-booking"},"yoast_head":"<!-- This site is optimized with the Yoast SEO plugin v25.7 - https:\/\/yoast.com\/wordpress\/plugins\/seo\/ -->\n<title>SPECTACLE SEULEMENT - Chez Ali Marrakech Official<\/title>\n<meta name=\"robots\" content=\"index, follow, max-snippet:-1, max-image-preview:large, max-video-preview:-1\" \/>\n<link rel=\"canonical\" href=\"https:\/\/chezaliofficial.com\/es\/product\/solo-mostrar\/\" \/>\n<meta property=\"og:locale\" content=\"es_ES\" \/>\n<meta property=\"og:type\" content=\"article\" \/>\n<meta property=\"og:title\" content=\"SPECTACLE SEULEMENT - Chez Ali Marrakech Official\" \/>\n<meta property=\"og:description\" content=\"Boisson Gazeuse OU Jus D&#039;orange  Th\u00e9 \u00c0 La Menthe  P\u00e2tisseries Marocaines  Enfant moins de 2 ans gratuit    Transfert aller\/retour offert gratuitement   Notre chauffeur va vous chercher a votre hotel a 20h00\" \/>\n<meta property=\"og:url\" content=\"https:\/\/chezaliofficial.com\/es\/product\/solo-mostrar\/\" \/>\n<meta property=\"og:site_name\" content=\"Chez Ali Marrakech Official\" \/>\n<meta property=\"article:modified_time\" content=\"2026-03-16T16:18:59+00:00\" \/>\n<meta property=\"og:image\" content=\"https:\/\/chezaliofficial.com\/wp-content\/uploads\/2022\/03\/chez-ali.webp\" \/>\n\t<meta property=\"og:image:width\" content=\"800\" \/>\n\t<meta property=\"og:image:height\" content=\"600\" \/>\n\t<meta property=\"og:image:type\" content=\"image\/webp\" \/>\n<meta name=\"twitter:card\" content=\"summary_large_image\" \/>\n<meta name=\"twitter:label1\" content=\"Tiempo de lectura\" \/>\n\t<meta name=\"twitter:data1\" content=\"2 minutos\" \/>\n<script type=\"application\/ld+json\" class=\"yoast-schema-graph\">{\"@context\":\"https:\/\/schema.org\",\"@graph\":[{\"@type\":\"WebPage\",\"@id\":\"https:\/\/chezaliofficial.com\/product\/spectacle-seulement\/\",\"url\":\"https:\/\/chezaliofficial.com\/product\/spectacle-seulement\/\",\"name\":\"SPECTACLE SEULEMENT - Chez Ali Marrakech Official\",\"isPartOf\":{\"@id\":\"https:\/\/chezaliofficial.com\/#website\"},\"primaryImageOfPage\":{\"@id\":\"https:\/\/chezaliofficial.com\/product\/spectacle-seulement\/#primaryimage\"},\"image\":{\"@id\":\"https:\/\/chezaliofficial.com\/product\/spectacle-seulement\/#primaryimage\"},\"thumbnailUrl\":\"https:\/\/chezaliofficial.com\/wp-content\/uploads\/2022\/03\/chez-ali.webp\",\"datePublished\":\"2022-03-31T17:05:17+00:00\",\"dateModified\":\"2026-03-16T16:18:59+00:00\",\"breadcrumb\":{\"@id\":\"https:\/\/chezaliofficial.com\/product\/spectacle-seulement\/#breadcrumb\"},\"inLanguage\":\"es\",\"potentialAction\":[{\"@type\":\"ReadAction\",\"target\":[\"https:\/\/chezaliofficial.com\/product\/spectacle-seulement\/\"]}]},{\"@type\":\"ImageObject\",\"inLanguage\":\"es\",\"@id\":\"https:\/\/chezaliofficial.com\/product\/spectacle-seulement\/#primaryimage\",\"url\":\"https:\/\/chezaliofficial.com\/wp-content\/uploads\/2022\/03\/chez-ali.webp\",\"contentUrl\":\"https:\/\/chezaliofficial.com\/wp-content\/uploads\/2022\/03\/chez-ali.webp\",\"width\":800,\"height\":600},{\"@type\":\"BreadcrumbList\",\"@id\":\"https:\/\/chezaliofficial.com\/product\/spectacle-seulement\/#breadcrumb\",\"itemListElement\":[{\"@type\":\"ListItem\",\"position\":1,\"name\":\"Accueil\",\"item\":\"https:\/\/chezaliofficial.com\/\"},{\"@type\":\"ListItem\",\"position\":2,\"name\":\"Produits\",\"item\":\"https:\/\/chezaliofficial.com\/shop\/\"},{\"@type\":\"ListItem\",\"position\":3,\"name\":\"SPECTACLE SEULEMENT\"}]},{\"@type\":\"WebSite\",\"@id\":\"https:\/\/chezaliofficial.com\/#website\",\"url\":\"https:\/\/chezaliofficial.com\/\",\"name\":\"Chez Ali Marrakech Official\",\"description\":\"R\u00e9server Chez Ali\",\"potentialAction\":[{\"@type\":\"SearchAction\",\"target\":{\"@type\":\"EntryPoint\",\"urlTemplate\":\"https:\/\/chezaliofficial.com\/?s={search_term_string}\"},\"query-input\":{\"@type\":\"PropertyValueSpecification\",\"valueRequired\":true,\"valueName\":\"search_term_string\"}}],\"inLanguage\":\"es\"}]}<\/script>\n<!-- \/ Yoast SEO plugin. -->","yoast_head_json":{"title":"SHOW SOLO - Chez Ali Marrakech Oficial","robots":{"index":"index","follow":"follow","max-snippet":"max-snippet:-1","max-image-preview":"max-image-preview:large","max-video-preview":"max-video-preview:-1"},"canonical":"https:\/\/chezaliofficial.com\/es\/product\/solo-mostrar\/","og_locale":"es_ES","og_type":"article","og_title":"SPECTACLE SEULEMENT - Chez Ali Marrakech Official","og_description":"Boisson Gazeuse OU Jus D'orange  Th\u00e9 \u00c0 La Menthe  P\u00e2tisseries Marocaines  Enfant moins de 2 ans gratuit    Transfert aller\/retour offert gratuitement   Notre chauffeur va vous chercher a votre hotel a 20h00","og_url":"https:\/\/chezaliofficial.com\/es\/product\/solo-mostrar\/","og_site_name":"Chez Ali Marrakech Official","article_modified_time":"2026-03-16T16:18:59+00:00","og_image":[{"width":800,"height":600,"url":"https:\/\/chezaliofficial.com\/wp-content\/uploads\/2022\/03\/chez-ali.webp","type":"image\/webp"}],"twitter_card":"summary_large_image","twitter_misc":{"Tiempo de lectura":"2 minutos"},"schema":{"@context":"https:\/\/schema.org","@graph":[{"@type":"WebPage","@id":"https:\/\/chezaliofficial.com\/product\/spectacle-seulement\/","url":"https:\/\/chezaliofficial.com\/product\/spectacle-seulement\/","name":"SHOW SOLO - Chez Ali Marrakech Oficial","isPartOf":{"@id":"https:\/\/chezaliofficial.com\/#website"},"primaryImageOfPage":{"@id":"https:\/\/chezaliofficial.com\/product\/spectacle-seulement\/#primaryimage"},"image":{"@id":"https:\/\/chezaliofficial.com\/product\/spectacle-seulement\/#primaryimage"},"thumbnailUrl":"https:\/\/chezaliofficial.com\/wp-content\/uploads\/2022\/03\/chez-ali.webp","datePublished":"2022-03-31T17:05:17+00:00","dateModified":"2026-03-16T16:18:59+00:00","breadcrumb":{"@id":"https:\/\/chezaliofficial.com\/product\/spectacle-seulement\/#breadcrumb"},"inLanguage":"es","potentialAction":[{"@type":"ReadAction","target":["https:\/\/chezaliofficial.com\/product\/spectacle-seulement\/"]}]},{"@type":"ImageObject","inLanguage":"es","@id":"https:\/\/chezaliofficial.com\/product\/spectacle-seulement\/#primaryimage","url":"https:\/\/chezaliofficial.com\/wp-content\/uploads\/2022\/03\/chez-ali.webp","contentUrl":"https:\/\/chezaliofficial.com\/wp-content\/uploads\/2022\/03\/chez-ali.webp","width":800,"height":600},{"@type":"BreadcrumbList","@id":"https:\/\/chezaliofficial.com\/product\/spectacle-seulement\/#breadcrumb","itemListElement":[{"@type":"ListItem","position":1,"name":"Accueil","item":"https:\/\/chezaliofficial.com\/"},{"@type":"ListItem","position":2,"name":"Produits","item":"https:\/\/chezaliofficial.com\/shop\/"},{"@type":"ListItem","position":3,"name":"SPECTACLE SEULEMENT"}]},{"@type":"WebSite","@id":"https:\/\/chezaliofficial.com\/#website","url":"https:\/\/chezaliofficial.com\/","name":"Chez Ali Marrakech Oficial","description":"Reservar en Chez Ali","potentialAction":[{"@type":"SearchAction","target":{"@type":"EntryPoint","urlTemplate":"https:\/\/chezaliofficial.com\/?s={search_term_string}"},"query-input":{"@type":"PropertyValueSpecification","valueRequired":true,"valueName":"search_term_string"}}],"inLanguage":"es"}]}},"jetpack_sharing_enabled":true,"_links":{"self":[{"href":"https:\/\/chezaliofficial.com\/es\/wp-json\/wp\/v2\/product\/3803","targetHints":{"allow":["GET"]}}],"collection":[{"href":"https:\/\/chezaliofficial.com\/es\/wp-json\/wp\/v2\/product"}],"about":[{"href":"https:\/\/chezaliofficial.com\/es\/wp-json\/wp\/v2\/types\/product"}],"wp:featuredmedia":[{"embeddable":true,"href":"https:\/\/chezaliofficial.com\/es\/wp-json\/wp\/v2\/media\/3810"}],"wp:attachment":[{"href":"https:\/\/chezaliofficial.com\/es\/wp-json\/wp\/v2\/media?parent=3803"}],"wp:term":[{"taxonomy":"product_brand","embeddable":true,"href":"https:\/\/chezaliofficial.com\/es\/wp-json\/wp\/v2\/product_brand?post=3803"},{"taxonomy":"product_cat","embeddable":true,"href":"https:\/\/chezaliofficial.com\/es\/wp-json\/wp\/v2\/product_cat?post=3803"},{"taxonomy":"product_tag","embeddable":true,"href":"https:\/\/chezaliofficial.com\/es\/wp-json\/wp\/v2\/product_tag?post=3803"}],"curies":[{"name":"wp","href":"https:\/\/api.w.org\/{rel}","templated":true}]}}